{"id":2329,"date":"2024-08-22T09:02:29","date_gmt":"2024-08-22T09:02:29","guid":{"rendered":"https:\/\/artigeoteknik.com.tr\/?page_id=2329"},"modified":"2024-10-06T13:52:14","modified_gmt":"2024-10-06T13:52:14","slug":"vw-deplasman-olcer-transducer","status":"publish","type":"page","link":"https:\/\/artigeoteknik.com.tr\/tr\/aletsel-gozlem-cihazlari\/vw-deplasman-olcer-transducer\/","title":{"rendered":"VW Deplasman \u00d6l\u00e7er \u2013 Transducer"},"content":{"rendered":"\t\t<div data-elementor-type=\"wp-page\" data-elementor-id=\"2329\" class=\"elementor elementor-2329\" data-elementor-post-type=\"page\">\n\t\t\t\t\t\t<section class=\"elementor-section elementor-top-section elementor-element elementor-element-sd5qlhd elementor-section-content-middle elementor-section-boxed elementor-section-height-default elementor-section-height-default\" data-id=\"sd5qlhd\" data-element_type=\"section\" data-e-type=\"section\" data-settings=\"{&quot;background_background&quot;:&quot;classic&quot;}\">\n\t\t\t\t\t\t<div class=\"elementor-container elementor-column-gap-no\">\n\t\t\t\t\t<div class=\"elementor-column elementor-col-50 elementor-top-column elementor-element elementor-element-4d7ad86\" data-id=\"4d7ad86\" data-element_type=\"column\" data-e-type=\"column\">\n\t\t\t<div class=\"elementor-widget-wrap elementor-element-populated\">\n\t\t\t\t\t\t<div class=\"elementor-element elementor-element-91de7cd elementor-widget elementor-widget-heading\" data-id=\"91de7cd\" data-element_type=\"widget\" data-e-type=\"widget\" data-widget_type=\"heading.default\">\n\t\t\t\t<div class=\"elementor-widget-container\">\n\t\t\t\t\t<h2 class=\"elementor-heading-title elementor-size-default\"><h1 style=\"font-size: 3rem;margin-top: 0.2rem;margin-bottom: 0px;clear: none;line-height: 1.4;font-family: Lato, sans-serif;font-style: normal\">VW Deplasman \u00d6l\u00e7er \u2013 Transducer\n<\/h1><\/h2>\t\t\t\t<\/div>\n\t\t\t\t<\/div>\n\t\t\t\t<div class=\"elementor-element elementor-element-0e457ca elementor-widget elementor-widget-text-editor\" data-id=\"0e457ca\" data-element_type=\"widget\" data-e-type=\"widget\" data-widget_type=\"text-editor.default\">\n\t\t\t\t<div class=\"elementor-widget-container\">\n\t\t\t\t\t\t\t\t\t<p>Vibrating Wire tipi transducer\u2019lar, 300 mm\u2019e kadar hassas deplasman \u00f6l\u00e7\u00fcm\u00fc yapabilen, su ge\u00e7irmez deplasman \u00f6l\u00e7\u00fcm cihazlar\u0131d\u0131r. Transducer\u2019lar \u00e7atlak \u00f6l\u00e7er, eklem \u00f6l\u00e7er ve ekstensometrelerle birlikte kullan\u0131labilece\u011fi gibi, hassas ve uzak mesafeden yap\u0131lmas\u0131 gereken kalite kontrol testlerinde komparat\u00f6r saatlerinin yerine kullan\u0131labilir.<\/p>\t\t\t\t\t\t\t\t<\/div>\n\t\t\t\t<\/div>\n\t\t\t\t<div class=\"elementor-element elementor-element-3788749 elementor-align-left elementor-widget elementor-widget-button\" data-id=\"3788749\" data-element_type=\"widget\" data-e-type=\"widget\" data-widget_type=\"button.default\">\n\t\t\t\t<div class=\"elementor-widget-container\">\n\t\t\t\t\t\t\t\t\t<div class=\"elementor-button-wrapper\">\n\t\t\t\t\t<a class=\"elementor-button elementor-button-link elementor-size-sm\" href=\"https:\/\/artigeoteknik.com.tr\/wp-content\/uploads\/2024\/08\/VWDT-5000-VW-Displacement-Gauge-V1.6.pdf\" target=\"_blank\">\n\t\t\t\t\t\t<span class=\"elementor-button-content-wrapper\">\n\t\t\t\t\t\t<span class=\"elementor-button-icon\">\n\t\t\t\t<svg aria-hidden=\"true\" class=\"e-font-icon-svg e-fas-file-download\" viewBox=\"0 0 384 512\" xmlns=\"http:\/\/www.w3.org\/2000\/svg\"><path d=\"M224 136V0H24C10.7 0 0 10.7 0 24v464c0 13.3 10.7 24 24 24h336c13.3 0 24-10.7 24-24V160H248c-13.2 0-24-10.8-24-24zm76.45 211.36l-96.42 95.7c-6.65 6.61-17.39 6.61-24.04 0l-96.42-95.7C73.42 337.29 80.54 320 94.82 320H160v-80c0-8.84 7.16-16 16-16h32c8.84 0 16 7.16 16 16v80h65.18c14.28 0 21.4 17.29 11.27 27.36zM377 105L279.1 7c-4.5-4.5-10.6-7-17-7H256v128h128v-6.1c0-6.3-2.5-12.4-7-16.9z\"><\/path><\/svg>\t\t\t<\/span>\n\t\t\t\t\t\t\t\t\t<span class=\"elementor-button-text\">Katalog &amp; Teknik \u00d6zellikleri \u0130ndir<\/span>\n\t\t\t\t\t<\/span>\n\t\t\t\t\t<\/a>\n\t\t\t\t<\/div>\n\t\t\t\t\t\t\t\t<\/div>\n\t\t\t\t<\/div>\n\t\t\t\t\t<\/div>\n\t\t<\/div>\n\t\t\t\t<div class=\"elementor-column elementor-col-50 elementor-top-column elementor-element elementor-element-03a6bc5\" data-id=\"03a6bc5\" data-element_type=\"column\" data-e-type=\"column\">\n\t\t\t<div class=\"elementor-widget-wrap elementor-element-populated\">\n\t\t\t\t\t\t<div class=\"elementor-element elementor-element-02ae585 elementor-widget elementor-widget-image\" data-id=\"02ae585\" data-element_type=\"widget\" data-e-type=\"widget\" data-widget_type=\"image.default\">\n\t\t\t\t<div class=\"elementor-widget-container\">\n\t\t\t\t\t\t\t\t\t\t\t\t\t\t\t<img fetchpriority=\"high\" decoding=\"async\" width=\"500\" height=\"350\" src=\"https:\/\/artigeoteknik.com.tr\/wp-content\/uploads\/2024\/08\/vw-deplasman-olcer.png\" class=\"attachment-full size-full wp-image-1953\" alt=\"\" srcset=\"https:\/\/artigeoteknik.com.tr\/wp-content\/uploads\/2024\/08\/vw-deplasman-olcer.png 500w, https:\/\/artigeoteknik.com.tr\/wp-content\/uploads\/2024\/08\/vw-deplasman-olcer-300x210.png 300w\" sizes=\"(max-width: 500px) 100vw, 500px\" \/>\t\t\t\t\t\t\t\t\t\t\t\t\t\t\t<\/div>\n\t\t\t\t<\/div>\n\t\t\t\t<div class=\"elementor-element elementor-element-7528954 elementor-widget elementor-widget-text-editor\" data-id=\"7528954\" data-element_type=\"widget\" data-e-type=\"widget\" data-widget_type=\"text-editor.default\">\n\t\t\t\t<div class=\"elementor-widget-container\">\n\t\t\t\t\t\t\t\t\t<p><strong>Men\u015fei:<\/strong>\u00a0\u0130ngiltere<\/p>\t\t\t\t\t\t\t\t<\/div>\n\t\t\t\t<\/div>\n\t\t\t\t\t<\/div>\n\t\t<\/div>\n\t\t\t\t\t<\/div>\n\t\t<\/section>\n\t\t\t\t<section class=\"elementor-section elementor-top-section elementor-element elementor-element-rh0sueg elementor-section-content-middle elementor-section-boxed elementor-section-height-default elementor-section-height-default\" data-id=\"rh0sueg\" data-element_type=\"section\" data-e-type=\"section\" data-settings=\"{&quot;background_background&quot;:&quot;classic&quot;}\">\n\t\t\t\t\t\t\t<div class=\"elementor-background-overlay\"><\/div>\n\t\t\t\t\t\t\t<div class=\"elementor-container elementor-column-gap-no\">\n\t\t\t\t\t<div class=\"elementor-column elementor-col-100 elementor-top-column elementor-element elementor-element-60772b1\" data-id=\"60772b1\" data-element_type=\"column\" data-e-type=\"column\">\n\t\t\t<div class=\"elementor-widget-wrap\">\n\t\t\t\t\t\t\t<\/div>\n\t\t<\/div>\n\t\t\t\t\t<\/div>\n\t\t<\/section>\n\t\t\t\t<\/div>\n\t\t","protected":false},"excerpt":{"rendered":"<p>VW Deplasman \u00d6l\u00e7er \u2013 Transducer Vibrating Wire tipi transducer\u2019lar, 300 mm\u2019e kadar hassas deplasman \u00f6l\u00e7\u00fcm\u00fc yapabilen, su ge\u00e7irmez deplasman \u00f6l\u00e7\u00fcm cihazlar\u0131d\u0131r. Transducer\u2019lar \u00e7atlak \u00f6l\u00e7er, eklem \u00f6l\u00e7er ve ekstensometrelerle birlikte kullan\u0131labilece\u011fi gibi, hassas ve uzak mesafeden yap\u0131lmas\u0131 gereken kalite kontrol testlerinde komparat\u00f6r saatlerinin yerine kullan\u0131labilir. Katalog &#038; Teknik \u00d6zellikleri \u0130ndir Men\u015fei:\u00a0\u0130ngiltere<\/p>\n","protected":false},"author":3,"featured_media":0,"parent":1885,"menu_order":0,"comment_status":"closed","ping_status":"closed","template":"","meta":{"_monsterinsights_skip_tracking":false,"_monsterinsights_sitenote_active":false,"_monsterinsights_sitenote_note":"","_monsterinsights_sitenote_category":0,"site-sidebar-layout":"no-sidebar","site-content-layout":"page-builder","ast-site-content-layout":"full-width-container","site-content-style":"default","site-sidebar-style":"default","ast-global-header-display":"","ast-banner-title-visibility":"","ast-main-header-display":"","ast-hfb-above-header-display":"","ast-hfb-below-header-display":"","ast-hfb-mobile-header-display":"","site-post-title":"disabled","ast-breadcrumbs-content":"","ast-featured-img":"disabled","footer-sml-layout":"","ast-disable-related-posts":"","theme-transparent-header-meta":"","adv-header-id-meta":"","stick-header-meta":"","header-above-stick-meta":"","header-main-stick-meta":"","header-below-stick-meta":"","astra-migrate-meta-layouts":"set","ast-page-background-enabled":"default","ast-page-background-meta":{"desktop":{"background-color":"","background-image":"","background-repeat":"repeat","background-position":"center center","background-size":"auto","background-attachment":"scroll","background-type":"","background-media":"","overlay-type":"","overlay-color":"","overlay-opacity":"","overlay-gradient":""},"tablet":{"background-color":"","background-image":"","background-repeat":"repeat","background-position":"center center","background-size":"auto","background-attachment":"scroll","background-type":"","background-media":"","overlay-type":"","overlay-color":"","overlay-opacity":"","overlay-gradient":""},"mobile":{"background-color":"","background-image":"","background-repeat":"repeat","background-position":"center center","background-size":"auto","background-attachment":"scroll","background-type":"","background-media":"","overlay-type":"","overlay-color":"","overlay-opacity":"","overlay-gradient":""}},"ast-content-background-meta":{"desktop":{"background-color":"var(--ast-global-color-5)","background-image":"","background-repeat":"repeat","background-position":"center center","background-size":"auto","background-attachment":"scroll","background-type":"","background-media":"","overlay-type":"","overlay-color":"","overlay-opacity":"","overlay-gradient":""},"tablet":{"background-color":"var(--ast-global-color-5)","background-image":"","background-repeat":"repeat","background-position":"center center","background-size":"auto","background-attachment":"scroll","background-type":"","background-media":"","overlay-type":"","overlay-color":"","overlay-opacity":"","overlay-gradient":""},"mobile":{"background-color":"var(--ast-global-color-5)","background-image":"","background-repeat":"repeat","background-position":"center center","background-size":"auto","background-attachment":"scroll","background-type":"","background-media":"","overlay-type":"","overlay-color":"","overlay-opacity":"","overlay-gradient":""}},"footnotes":""},"class_list":["post-2329","page","type-page","status-publish","hentry"],"aioseo_notices":[],"jetpack_sharing_enabled":true,"_links":{"self":[{"href":"https:\/\/artigeoteknik.com.tr\/tr\/wp-json\/wp\/v2\/pages\/2329","targetHints":{"allow":["GET"]}}],"collection":[{"href":"https:\/\/artigeoteknik.com.tr\/tr\/wp-json\/wp\/v2\/pages"}],"about":[{"href":"https:\/\/artigeoteknik.com.tr\/tr\/wp-json\/wp\/v2\/types\/page"}],"author":[{"embeddable":true,"href":"https:\/\/artigeoteknik.com.tr\/tr\/wp-json\/wp\/v2\/users\/3"}],"replies":[{"embeddable":true,"href":"https:\/\/artigeoteknik.com.tr\/tr\/wp-json\/wp\/v2\/comments?post=2329"}],"version-history":[{"count":4,"href":"https:\/\/artigeoteknik.com.tr\/tr\/wp-json\/wp\/v2\/pages\/2329\/revisions"}],"predecessor-version":[{"id":2335,"href":"https:\/\/artigeoteknik.com.tr\/tr\/wp-json\/wp\/v2\/pages\/2329\/revisions\/2335"}],"up":[{"embeddable":true,"href":"https:\/\/artigeoteknik.com.tr\/tr\/wp-json\/wp\/v2\/pages\/1885"}],"wp:attachment":[{"href":"https:\/\/artigeoteknik.com.tr\/tr\/wp-json\/wp\/v2\/media?parent=2329"}],"curies":[{"name":"wp","href":"https:\/\/api.w.org\/{rel}","templated":true}]}}