{"id":2195,"date":"2024-08-21T14:42:05","date_gmt":"2024-08-21T14:42:05","guid":{"rendered":"https:\/\/artigeoteknik.com.tr\/?page_id=2195"},"modified":"2024-10-06T13:54:28","modified_gmt":"2024-10-06T13:54:28","slug":"veri-toplama-sistemleri","status":"publish","type":"page","link":"https:\/\/artigeoteknik.com.tr\/tr\/aletsel-gozlem-cihazlari\/veri-toplama-sistemleri\/","title":{"rendered":"Veri Toplama Sistemleri"},"content":{"rendered":"\t\t<div data-elementor-type=\"wp-page\" data-elementor-id=\"2195\" class=\"elementor elementor-2195\" data-elementor-post-type=\"page\">\n\t\t\t\t\t\t<section class=\"elementor-section elementor-top-section elementor-element elementor-element-sd5qlhd elementor-section-content-middle elementor-section-boxed elementor-section-height-default elementor-section-height-default\" data-id=\"sd5qlhd\" data-element_type=\"section\" data-e-type=\"section\" data-settings=\"{&quot;background_background&quot;:&quot;classic&quot;}\">\n\t\t\t\t\t\t<div class=\"elementor-container elementor-column-gap-no\">\n\t\t\t\t\t<div class=\"elementor-column elementor-col-50 elementor-top-column elementor-element elementor-element-4d7ad86\" data-id=\"4d7ad86\" data-element_type=\"column\" data-e-type=\"column\">\n\t\t\t<div class=\"elementor-widget-wrap elementor-element-populated\">\n\t\t\t\t\t\t<div class=\"elementor-element elementor-element-91de7cd elementor-widget elementor-widget-heading\" data-id=\"91de7cd\" data-element_type=\"widget\" data-e-type=\"widget\" data-widget_type=\"heading.default\">\n\t\t\t\t<div class=\"elementor-widget-container\">\n\t\t\t\t\t<h2 class=\"elementor-heading-title elementor-size-default\"><h1 style=\"font-size: 3rem;margin-top: 0.2rem;margin-bottom: 0px;clear: none;line-height: 1.4;font-family: Lato, sans-serif;font-style: normal\">Veri Toplama Sistemleri\n\n<\/h1><\/h2>\t\t\t\t<\/div>\n\t\t\t\t<\/div>\n\t\t\t\t<div class=\"elementor-element elementor-element-0e457ca elementor-widget elementor-widget-text-editor\" data-id=\"0e457ca\" data-element_type=\"widget\" data-e-type=\"widget\" data-widget_type=\"text-editor.default\">\n\t\t\t\t<div class=\"elementor-widget-container\">\n\t\t\t\t\t\t\t\t\t<p>Veri toplama sistemleri, kritik ve yo\u011fun g\u00f6zlem gerektiren projelerde, aletsel g\u00f6zlem aletlerine ba\u011flanarak, her t\u00fcrl\u00fc sens\u00f6r \u00e7\u0131kt\u0131s\u0131n\u0131n, analog veya dijital olarak, tekli yada \u00e7ok kanall\u0131 olarak toplanmas\u0131n\u0131 ve kaydedilmesini ger\u00e7ekle\u015ftirmektedir.<\/p><p>Veri toplama sistemleri ek mod\u00fcller ile uzaktan kontrol edilebilme ve ger\u00e7ek zamanl\u0131 kay\u0131tlar\u0131 merkeze aktarabilme \u00f6zelli\u011fine sahiptir.<\/p>\t\t\t\t\t\t\t\t<\/div>\n\t\t\t\t<\/div>\n\t\t\t\t\t<\/div>\n\t\t<\/div>\n\t\t\t\t<div class=\"elementor-column elementor-col-50 elementor-top-column elementor-element elementor-element-03a6bc5\" data-id=\"03a6bc5\" data-element_type=\"column\" data-e-type=\"column\">\n\t\t\t<div class=\"elementor-widget-wrap elementor-element-populated\">\n\t\t\t\t\t\t<div class=\"elementor-element elementor-element-02ae585 elementor-widget elementor-widget-image\" data-id=\"02ae585\" data-element_type=\"widget\" data-e-type=\"widget\" data-widget_type=\"image.default\">\n\t\t\t\t<div class=\"elementor-widget-container\">\n\t\t\t\t\t\t\t\t\t\t\t\t\t\t\t<img fetchpriority=\"high\" decoding=\"async\" width=\"500\" height=\"300\" src=\"https:\/\/artigeoteknik.com.tr\/wp-content\/uploads\/2024\/08\/veri-toplama-sistemleri-foto.png\" class=\"attachment-full size-full wp-image-2475\" alt=\"\" srcset=\"https:\/\/artigeoteknik.com.tr\/wp-content\/uploads\/2024\/08\/veri-toplama-sistemleri-foto.png 500w, https:\/\/artigeoteknik.com.tr\/wp-content\/uploads\/2024\/08\/veri-toplama-sistemleri-foto-300x180.png 300w\" sizes=\"(max-width: 500px) 100vw, 500px\" \/>\t\t\t\t\t\t\t\t\t\t\t\t\t\t\t<\/div>\n\t\t\t\t<\/div>\n\t\t\t\t<div class=\"elementor-element elementor-element-463550d elementor-widget elementor-widget-text-editor\" data-id=\"463550d\" data-element_type=\"widget\" data-e-type=\"widget\" data-widget_type=\"text-editor.default\">\n\t\t\t\t<div class=\"elementor-widget-container\">\n\t\t\t\t\t\t\t\t\t<p><strong>Men\u015fei:<\/strong>\u00a0\u0130ngiltere<\/p>\t\t\t\t\t\t\t\t<\/div>\n\t\t\t\t<\/div>\n\t\t\t\t\t<\/div>\n\t\t<\/div>\n\t\t\t\t\t<\/div>\n\t\t<\/section>\n\t\t\t\t<section class=\"elementor-section elementor-top-section elementor-element elementor-element-rh0sueg elementor-section-content-middle elementor-section-boxed elementor-section-height-default elementor-section-height-default\" data-id=\"rh0sueg\" data-element_type=\"section\" data-e-type=\"section\" data-settings=\"{&quot;background_background&quot;:&quot;classic&quot;}\">\n\t\t\t\t\t\t\t<div class=\"elementor-background-overlay\"><\/div>\n\t\t\t\t\t\t\t<div class=\"elementor-container elementor-column-gap-no\">\n\t\t\t\t\t<div class=\"elementor-column elementor-col-100 elementor-top-column elementor-element elementor-element-60772b1\" data-id=\"60772b1\" data-element_type=\"column\" data-e-type=\"column\">\n\t\t\t<div class=\"elementor-widget-wrap elementor-element-populated\">\n\t\t\t\t\t\t<section class=\"elementor-section elementor-inner-section elementor-element elementor-element-0834d95 elementor-section-boxed elementor-section-height-default elementor-section-height-default\" data-id=\"0834d95\" data-element_type=\"section\" data-e-type=\"section\">\n\t\t\t\t\t\t<div class=\"elementor-container elementor-column-gap-no\">\n\t\t\t\t\t<div class=\"elementor-column elementor-col-100 elementor-inner-column elementor-element elementor-element-9f2b31d\" data-id=\"9f2b31d\" data-element_type=\"column\" data-e-type=\"column\">\n\t\t\t<div class=\"elementor-widget-wrap elementor-element-populated\">\n\t\t\t\t\t\t<div class=\"elementor-element elementor-element-f9417bc elementor-widget elementor-widget-text-editor\" data-id=\"f9417bc\" data-element_type=\"widget\" data-e-type=\"widget\" data-widget_type=\"text-editor.default\">\n\t\t\t\t<div class=\"elementor-widget-container\">\n\t\t\t\t\t\t\t\t\t<p><strong>Ba\u015fl\u0131ca Kullan\u0131m Alanlar\u0131:<\/strong><\/p><p>\u2013 Barajlar<br \/>\u2013 T\u00fcneller<br \/>\u2013 K\u00f6pr\u00fcler<br \/>\u2013 Metro \u0130n\u015faatlar\u0131<br \/>\u2013 Derin Kaz\u0131lar<br \/>\u2013 Binalar<\/p><p><strong>GL Serisi Veri Toplama Sistemlerinin Destekledi\u011fi Ba\u015fl\u0131ca Sens\u00f6r Tipleri:<\/strong><\/p><p>\u2013 Vibrating Wire<br \/>\u2013 Strain Gauge<br \/>\u2013 MEMS (analog ve dijital)<br \/>\u2013 Thermistor<br \/>\u2013 Linear Potentiometer<\/p><div class=\"wp-block-group\"><div class=\"wp-block-group__inner-container is-layout-flow wp-block-group-is-layout-flow\"><p><strong>Sistemin Avantajlar\u0131:<img decoding=\"async\" class=\"wp-image-700 alignleft\" src=\"https:\/\/artigeoteknik.com.tr\/wp-content\/uploads\/2020\/02\/unnamed-file.png\" sizes=\"(max-width: 21px) 100vw, 21px\" srcset=\"https:\/\/artigeoteknik.com.tr\/wp-content\/uploads\/2020\/02\/unnamed-file.png 225w, https:\/\/artigeoteknik.com.tr\/wp-content\/uploads\/2020\/02\/unnamed-file-150x150.png 150w\" alt=\"\" width=\"21\" height=\"21\" \/><\/strong><\/p><p>\u2013 Y\u00fcksek \u00d6l\u00e7\u00fcm Hassasiyeti<\/p><p>\u2013 \u0130htiya\u00e7lara g\u00f6re ayarlanabilme<\/p><p>\u2013 D\u0131\u015f ko\u015fullara kar\u015f\u0131 y\u00fcksek dayan\u0131kl\u0131l\u0131k<\/p><p>\u2013 D\u00fc\u015f\u00fck enerji sarfiyat\u0131<\/p><\/div><\/div>\t\t\t\t\t\t\t\t<\/div>\n\t\t\t\t<\/div>\n\t\t\t\t<div class=\"elementor-element elementor-element-840c9bc elementor-align-center elementor-widget elementor-widget-button\" data-id=\"840c9bc\" data-element_type=\"widget\" data-e-type=\"widget\" data-widget_type=\"button.default\">\n\t\t\t\t<div class=\"elementor-widget-container\">\n\t\t\t\t\t\t\t\t\t<div class=\"elementor-button-wrapper\">\n\t\t\t\t\t<a class=\"elementor-button elementor-button-link elementor-size-sm\" href=\"https:\/\/artigeoteknik.com.tr\/wp-content\/uploads\/2024\/08\/Geologger-GL800-1000-Series-V1.2.pdf\" target=\"_blank\">\n\t\t\t\t\t\t<span class=\"elementor-button-content-wrapper\">\n\t\t\t\t\t\t<span class=\"elementor-button-icon\">\n\t\t\t\t<svg aria-hidden=\"true\" class=\"e-font-icon-svg e-fas-file-download\" viewBox=\"0 0 384 512\" xmlns=\"http:\/\/www.w3.org\/2000\/svg\"><path d=\"M224 136V0H24C10.7 0 0 10.7 0 24v464c0 13.3 10.7 24 24 24h336c13.3 0 24-10.7 24-24V160H248c-13.2 0-24-10.8-24-24zm76.45 211.36l-96.42 95.7c-6.65 6.61-17.39 6.61-24.04 0l-96.42-95.7C73.42 337.29 80.54 320 94.82 320H160v-80c0-8.84 7.16-16 16-16h32c8.84 0 16 7.16 16 16v80h65.18c14.28 0 21.4 17.29 11.27 27.36zM377 105L279.1 7c-4.5-4.5-10.6-7-17-7H256v128h128v-6.1c0-6.3-2.5-12.4-7-16.9z\"><\/path><\/svg>\t\t\t<\/span>\n\t\t\t\t\t\t\t\t\t<span class=\"elementor-button-text\">Katalog &amp; Teknik \u00d6zellikleri \u0130ndir<\/span>\n\t\t\t\t\t<\/span>\n\t\t\t\t\t<\/a>\n\t\t\t\t<\/div>\n\t\t\t\t\t\t\t\t<\/div>\n\t\t\t\t<\/div>\n\t\t\t\t\t<\/div>\n\t\t<\/div>\n\t\t\t\t\t<\/div>\n\t\t<\/section>\n\t\t\t\t\t<\/div>\n\t\t<\/div>\n\t\t\t\t\t<\/div>\n\t\t<\/section>\n\t\t\t\t<\/div>\n\t\t","protected":false},"excerpt":{"rendered":"<p>Veri Toplama Sistemleri Veri toplama sistemleri, kritik ve yo\u011fun g\u00f6zlem gerektiren projelerde, aletsel g\u00f6zlem aletlerine ba\u011flanarak, her t\u00fcrl\u00fc sens\u00f6r \u00e7\u0131kt\u0131s\u0131n\u0131n, analog veya dijital olarak, tekli yada \u00e7ok kanall\u0131 olarak toplanmas\u0131n\u0131 ve kaydedilmesini ger\u00e7ekle\u015ftirmektedir. Veri toplama sistemleri ek mod\u00fcller ile uzaktan kontrol edilebilme ve ger\u00e7ek zamanl\u0131 kay\u0131tlar\u0131 merkeze aktarabilme \u00f6zelli\u011fine sahiptir. Men\u015fei:\u00a0\u0130ngiltere Ba\u015fl\u0131ca Kullan\u0131m Alanlar\u0131: \u2013 [&hellip;]<\/p>\n","protected":false},"author":3,"featured_media":0,"parent":1885,"menu_order":0,"comment_status":"closed","ping_status":"closed","template":"","meta":{"_monsterinsights_skip_tracking":false,"_monsterinsights_sitenote_active":false,"_monsterinsights_sitenote_note":"","_monsterinsights_sitenote_category":0,"site-sidebar-layout":"no-sidebar","site-content-layout":"page-builder","ast-site-content-layout":"full-width-container","site-content-style":"default","site-sidebar-style":"default","ast-global-header-display":"","ast-banner-title-visibility":"","ast-main-header-display":"","ast-hfb-above-header-display":"","ast-hfb-below-header-display":"","ast-hfb-mobile-header-display":"","site-post-title":"disabled","ast-breadcrumbs-content":"","ast-featured-img":"disabled","footer-sml-layout":"","ast-disable-related-posts":"","theme-transparent-header-meta":"","adv-header-id-meta":"","stick-header-meta":"","header-above-stick-meta":"","header-main-stick-meta":"","header-below-stick-meta":"","astra-migrate-meta-layouts":"set","ast-page-background-enabled":"default","ast-page-background-meta":{"desktop":{"background-color":"","background-image":"","background-repeat":"repeat","background-position":"center center","background-size":"auto","background-attachment":"scroll","background-type":"","background-media":"","overlay-type":"","overlay-color":"","overlay-opacity":"","overlay-gradient":""},"tablet":{"background-color":"","background-image":"","background-repeat":"repeat","background-position":"center center","background-size":"auto","background-attachment":"scroll","background-type":"","background-media":"","overlay-type":"","overlay-color":"","overlay-opacity":"","overlay-gradient":""},"mobile":{"background-color":"","background-image":"","background-repeat":"repeat","background-position":"center center","background-size":"auto","background-attachment":"scroll","background-type":"","background-media":"","overlay-type":"","overlay-color":"","overlay-opacity":"","overlay-gradient":""}},"ast-content-background-meta":{"desktop":{"background-color":"var(--ast-global-color-5)","background-image":"","background-repeat":"repeat","background-position":"center center","background-size":"auto","background-attachment":"scroll","background-type":"","background-media":"","overlay-type":"","overlay-color":"","overlay-opacity":"","overlay-gradient":""},"tablet":{"background-color":"var(--ast-global-color-5)","background-image":"","background-repeat":"repeat","background-position":"center center","background-size":"auto","background-attachment":"scroll","background-type":"","background-media":"","overlay-type":"","overlay-color":"","overlay-opacity":"","overlay-gradient":""},"mobile":{"background-color":"var(--ast-global-color-5)","background-image":"","background-repeat":"repeat","background-position":"center center","background-size":"auto","background-attachment":"scroll","background-type":"","background-media":"","overlay-type":"","overlay-color":"","overlay-opacity":"","overlay-gradient":""}},"footnotes":""},"class_list":["post-2195","page","type-page","status-publish","hentry"],"aioseo_notices":[],"jetpack_sharing_enabled":true,"_links":{"self":[{"href":"https:\/\/artigeoteknik.com.tr\/tr\/wp-json\/wp\/v2\/pages\/2195","targetHints":{"allow":["GET"]}}],"collection":[{"href":"https:\/\/artigeoteknik.com.tr\/tr\/wp-json\/wp\/v2\/pages"}],"about":[{"href":"https:\/\/artigeoteknik.com.tr\/tr\/wp-json\/wp\/v2\/types\/page"}],"author":[{"embeddable":true,"href":"https:\/\/artigeoteknik.com.tr\/tr\/wp-json\/wp\/v2\/users\/3"}],"replies":[{"embeddable":true,"href":"https:\/\/artigeoteknik.com.tr\/tr\/wp-json\/wp\/v2\/comments?post=2195"}],"version-history":[{"count":13,"href":"https:\/\/artigeoteknik.com.tr\/tr\/wp-json\/wp\/v2\/pages\/2195\/revisions"}],"predecessor-version":[{"id":2586,"href":"https:\/\/artigeoteknik.com.tr\/tr\/wp-json\/wp\/v2\/pages\/2195\/revisions\/2586"}],"up":[{"embeddable":true,"href":"https:\/\/artigeoteknik.com.tr\/tr\/wp-json\/wp\/v2\/pages\/1885"}],"wp:attachment":[{"href":"https:\/\/artigeoteknik.com.tr\/tr\/wp-json\/wp\/v2\/media?parent=2195"}],"curies":[{"name":"wp","href":"https:\/\/api.w.org\/{rel}","templated":true}]}}